{"id":734,"date":"2024-02-29T01:07:18","date_gmt":"2024-02-29T01:07:18","guid":{"rendered":"https:\/\/gpsites.co\/engineer\/?page_id=734"},"modified":"2026-01-25T20:09:15","modified_gmt":"2026-01-25T20:09:15","slug":"contacto","status":"publish","type":"page","link":"https:\/\/hcsys.net\/es\/contacto\/","title":{"rendered":"Contacto"},"content":{"rendered":"<div class=\"gb-container gb-container-1fe0015e\">\n<div class=\"gb-container gb-container-62e861b0\">\n\n<h3 class=\"gb-headline gb-headline-46d1f0ee gb-headline-text\">P\u00f3ngase en contacto<\/h3>\n\n\n\n<h2 class=\"gb-headline gb-headline-8b55dcad gb-headline-text\">\u00a1Es muy f\u00e1cil contactarnos!<\/h2>\n\n\n\n<p class=\"gb-headline gb-headline-d657bd55 gb-headline-text\"><\/p>\n\n\n<div class=\"gb-container gb-container-798ee6d9\">\n<div class=\"gb-grid-wrapper gb-grid-wrapper-71de7e59\">\n<div class=\"gb-grid-column gb-grid-column-d8224cce\"><div class=\"gb-container gb-container-d8224cce\">\n\n<div class=\"gb-headline gb-headline-e389aac0\"><span class=\"gb-icon\"><svg aria-hidden=\"true\" role=\"img\" height=\"1em\" width=\"1em\" viewBox=\"0 0 512 512\" xmlns=\"http:\/\/www.w3.org\/2000\/svg\"><path fill=\"currentColor\" d=\"M464 64H48C21.49 64 0 85.49 0 112v288c0 26.51 21.49 48 48 48h416c26.51 0 48-21.49 48-48V112c0-26.51-21.49-48-48-48zm0 48v40.805c-22.422 18.259-58.168 46.651-134.587 106.49-16.841 13.247-50.201 45.072-73.413 44.701-23.208.375-56.579-31.459-73.413-44.701C106.18 199.465 70.425 171.067 48 152.805V112h416zM48 400V214.398c22.914 18.251 55.409 43.862 104.938 82.646 21.857 17.205 60.134 55.186 103.062 54.955 42.717.231 80.509-37.199 103.053-54.947 49.528-38.783 82.032-64.401 104.947-82.653V400H48z\"><\/path><\/svg><\/span><\/div>\n\n\n<div class=\"gb-container gb-container-19662e99\">\n\n<h5 class=\"gb-headline gb-headline-a344a987 gb-headline-text\">Env\u00edenos un correo<\/h5>\n\n\n\n<div class=\"gb-headline gb-headline-f06ee526 gb-headline-text\"><a href=\"mailto:info@hcsys.net\/es\">info@hcsys.net\/es<\/a><\/div>\n\n<\/div>\n<\/div><\/div>\n\n<div class=\"gb-grid-column gb-grid-column-bd40c281\"><div class=\"gb-container gb-container-bd40c281\">\n\n<div class=\"gb-headline gb-headline-8b793067\"><span class=\"gb-icon\"><svg aria-hidden=\"true\" role=\"img\" height=\"1em\" width=\"1em\" viewBox=\"0 0 512 512\" xmlns=\"http:\/\/www.w3.org\/2000\/svg\"><path fill=\"currentColor\" d=\"M493.4 24.6l-104-24c-11.3-2.6-22.9 3.3-27.5 13.9l-48 112c-4.2 9.8-1.4 21.3 6.9 28l60.6 49.6c-36 76.7-98.9 140.5-177.2 177.2l-49.6-60.6c-6.8-8.3-18.2-11.1-28-6.9l-112 48C3.9 366.5-2 378.1.6 389.4l24 104C27.1 504.2 36.7 512 48 512c256.1 0 464-207.5 464-464 0-11.2-7.7-20.9-18.6-23.4z\"><\/path><\/svg><\/span><\/div>\n\n\n<div class=\"gb-container gb-container-9dd94eab\">\n\n<h5 class=\"gb-headline gb-headline-b656cf43 gb-headline-text\">Ll\u00e1menos<\/h5>\n\n\n\n<div class=\"gb-headline gb-headline-761b1aa0 gb-headline-text\"><a href=\"tel:+180088800\">+1-954-277-0150<\/a><a href=\"https:\/\/gpsites.co\/solar\/contact\/#\"><\/a><\/div>\n\n<\/div>\n<\/div><\/div>\n\n<div class=\"gb-grid-column gb-grid-column-6ddb3d09\"><div class=\"gb-container gb-container-6ddb3d09\">\n\n<div class=\"gb-headline gb-headline-52b40933\"><span class=\"gb-icon\"><svg aria-hidden=\"true\" role=\"img\" height=\"1em\" width=\"1em\" viewBox=\"0 0 384 512\" xmlns=\"http:\/\/www.w3.org\/2000\/svg\"><path fill=\"currentColor\" d=\"M172.268 501.67C26.97 291.031 0 269.413 0 192 0 85.961 85.961 0 192 0s192 85.961 192 192c0 77.413-26.97 99.031-172.268 309.67-9.535 13.774-29.93 13.773-39.464 0zM192 272c44.183 0 80-35.817 80-80s-35.817-80-80-80-80 35.817-80 80 35.817 80 80 80z\"><\/path><\/svg><\/span><\/div>\n\n\n<div class=\"gb-container gb-container-8190688d\">\n\n<h5 class=\"gb-headline gb-headline-d9e121f8 gb-headline-text\">Ubicaci\u00f3n<\/h5>\n\n\n\n<div class=\"gb-headline gb-headline-2ff7650e gb-headline-text\">3660 NW 126th Ave Unit 8<br><a href=\"https:\/\/gpsites.co\/solar\/contact\/#\"><\/a><a href=\"https:\/\/gpsites.co\/solar\/contact\/#\"><\/a>Coral Springs, FL 33065 USA<a href=\"https:\/\/gpsites.co\/solar\/contact\/#\"><\/a><\/div>\n\n<\/div>\n<\/div><\/div>\n<\/div>\n<\/div>\n\n<div class=\"gb-container gb-container-77a985b1\">\n<div class=\"gb-container gb-container-c762d353\">\n\n<a class=\"gb-button gb-button-13c371f8\" href=\"#\" aria-label=\"instagram link\"><span class=\"gb-icon\"><svg xmlns=\"http:\/\/www.w3.org\/2000\/svg\" viewBox=\"0 0 448 512\" width=\"1em\" height=\"1em\" aria-hidden=\"true\"><path d=\"M224.1 141c-63.6 0-114.9 51.3-114.9 114.9s51.3 114.9 114.9 114.9S339 319.5 339 255.9 287.7 141 224.1 141zm0 189.6c-41.1 0-74.7-33.5-74.7-74.7s33.5-74.7 74.7-74.7 74.7 33.5 74.7 74.7-33.6 74.7-74.7 74.7zm146.4-194.3c0 14.9-12 26.8-26.8 26.8-14.9 0-26.8-12-26.8-26.8s12-26.8 26.8-26.8 26.8 12 26.8 26.8zm76.1 27.2c-1.7-35.9-9.9-67.7-36.2-93.9-26.2-26.2-58-34.4-93.9-36.2-37-2.1-147.9-2.1-184.9 0-35.8 1.7-67.6 9.9-93.9 36.1s-34.4 58-36.2 93.9c-2.1 37-2.1 147.9 0 184.9 1.7 35.9 9.9 67.7 36.2 93.9s58 34.4 93.9 36.2c37 2.1 147.9 2.1 184.9 0 35.9-1.7 67.7-9.9 93.9-36.2 26.2-26.2 34.4-58 36.2-93.9 2.1-37 2.1-147.8 0-184.8zM398.8 388c-7.8 19.6-22.9 34.7-42.6 42.6-29.5 11.7-99.5 9-132.1 9s-102.7 2.6-132.1-9c-19.6-7.8-34.7-22.9-42.6-42.6-11.7-29.5-9-99.5-9-132.1s-2.6-102.7 9-132.1c7.8-19.6 22.9-34.7 42.6-42.6 29.5-11.7 99.5-9 132.1-9s102.7-2.6 132.1 9c19.6 7.8 34.7 22.9 42.6 42.6 11.7 29.5 9 99.5 9 132.1s2.7 102.7-9 132.1z\" fill=\"currentColor\"><\/path><\/svg><\/span><\/a>\n\n\n\n<a class=\"gb-button gb-button-926332bd\" href=\"#\" aria-label=\"twitter link\"><span class=\"gb-icon\"><svg xmlns=\"http:\/\/www.w3.org\/2000\/svg\" viewBox=\"0 0 512 512\" width=\"1em\" height=\"1em\" aria-hidden=\"true\"><path d=\"M459.37 151.716c.325 4.548.325 9.097.325 13.645 0 138.72-105.583 298.558-298.558 298.558-59.452 0-114.68-17.219-161.137-47.106 8.447.974 16.568 1.299 25.34 1.299 49.055 0 94.213-16.568 130.274-44.832-46.132-.975-84.792-31.188-98.112-72.772 6.498.974 12.995 1.624 19.818 1.624 9.421 0 18.843-1.3 27.614-3.573-48.081-9.747-84.143-51.98-84.143-102.985v-1.299c13.969 7.797 30.214 12.67 47.431 13.319-28.264-18.843-46.781-51.005-46.781-87.391 0-19.492 5.197-37.36 14.294-52.954 51.655 63.675 129.3 105.258 216.365 109.807-1.624-7.797-2.599-15.918-2.599-24.04 0-57.828 46.782-104.934 104.934-104.934 30.213 0 57.502 12.67 76.67 33.137 23.715-4.548 46.456-13.32 66.599-25.34-7.798 24.366-24.366 44.833-46.132 57.827 21.117-2.273 41.584-8.122 60.426-16.243-14.292 20.791-32.161 39.308-52.628 54.253z\" fill=\"currentColor\"><\/path><\/svg><\/span><\/a>\n\n\n\n<a class=\"gb-button gb-button-d957854e\" href=\"#\" aria-label=\"facebook link\"><span class=\"gb-icon\"><svg xmlns=\"http:\/\/www.w3.org\/2000\/svg\" viewBox=\"0 0 320 512\" width=\"1em\" height=\"1em\" aria-hidden=\"true\"><path d=\"M279.14 288l14.22-92.66h-88.91v-60.13c0-25.35 12.42-50.06 52.24-50.06h40.42V6.26S260.43 0 225.36 0c-73.22 0-121.08 44.38-121.08 124.72v70.62H22.89V288h81.39v224h100.17V288z\" fill=\"currentColor\"><\/path><\/svg><\/span><\/a>\n\n<\/div>\n<\/div>\n<\/div>\n\n<div class=\"gb-container gb-container-50b6ab0c shadow\">\n<div class=\"gb-container gb-container-19c988d5\">\n\n<h3 class=\"gb-headline gb-headline-d86ee156 gb-headline-text\">\u00bfTiene alguna pregunta?<\/h3>\n\n\n\n<h2 class=\"gb-headline gb-headline-3d7ebf9f gb-headline-text\">Env\u00edenos un mensaje<\/h2>\n\n\n\n<p>Cont\u00e1ctenos para conocer c\u00f3mo nuestras soluciones pueden aportar valor a sus proyectos. Ya sea que necesite m\u00e1s informaci\u00f3n, una propuesta a medida o asesor\u00eda experta, nuestro equipo est\u00e1 listo para apoyarle. <\/p>\n\n\n\n<p>Escr\u00edbanos y le responderemos a la brevedad posible.<\/p>\n\n\n\n<p><\/p>\n\n\n\n<p><\/p>\n\n<\/div>\n<\/div>\n<\/div>\n\n\n<p><\/p>\n","protected":false},"excerpt":{"rendered":"<p>P\u00f3ngase en contacto \u00a1Es muy f\u00e1cil contactarnos! \u00bfTiene alguna pregunta? Env\u00edenos un mensaje Cont\u00e1ctenos para conocer c\u00f3mo nuestras soluciones pueden aportar valor a sus proyectos. Ya sea que necesite m\u00e1s informaci\u00f3n, una propuesta a medida o asesor\u00eda experta, nuestro equipo est\u00e1 listo para apoyarle. Escr\u00edbanos y le responderemos a la brevedad posible.<\/p>\n","protected":false},"author":1,"featured_media":950,"parent":0,"menu_order":0,"comment_status":"closed","ping_status":"closed","template":"","meta":{"footnotes":""},"class_list":["post-734","page","type-page","status-publish","has-post-thumbnail"],"yoast_head":"<!-- This site is optimized with the Yoast SEO plugin v26.8 - https:\/\/yoast.com\/product\/yoast-seo-wordpress\/ -->\n<title>Contacto - HC Systems (Espa\u00f1ol)<\/title>\n<meta name=\"robots\" content=\"index, follow, max-snippet:-1, max-image-preview:large, max-video-preview:-1\" \/>\n<link rel=\"canonical\" href=\"https:\/\/hcsys.net\/es\/contacto\/\" \/>\n<meta property=\"og:locale\" content=\"es_ES\" \/>\n<meta property=\"og:type\" content=\"article\" \/>\n<meta property=\"og:title\" content=\"Contacto - HC Systems (Espa\u00f1ol)\" \/>\n<meta property=\"og:description\" content=\"P\u00f3ngase en contacto \u00a1Es muy f\u00e1cil contactarnos! \u00bfTiene alguna pregunta? Env\u00edenos un mensaje Cont\u00e1ctenos para conocer c\u00f3mo nuestras soluciones pueden aportar valor a sus proyectos. Ya sea que necesite m\u00e1s informaci\u00f3n, una propuesta a medida o asesor\u00eda experta, nuestro equipo est\u00e1 listo para apoyarle. Escr\u00edbanos y le responderemos a la brevedad posible.\" \/>\n<meta property=\"og:url\" content=\"https:\/\/hcsys.net\/es\/contacto\/\" \/>\n<meta property=\"og:site_name\" content=\"HC Systems (Espa\u00f1ol)\" \/>\n<meta property=\"article:modified_time\" content=\"2026-01-25T20:09:15+00:00\" \/>\n<meta name=\"twitter:card\" content=\"summary_large_image\" \/>\n<meta name=\"twitter:label1\" content=\"Tiempo de lectura\" \/>\n\t<meta name=\"twitter:data1\" content=\"1 minuto\" \/>\n<script type=\"application\/ld+json\" class=\"yoast-schema-graph\">{\"@context\":\"https:\/\/schema.org\",\"@graph\":[{\"@type\":\"WebPage\",\"@id\":\"https:\/\/hcsys.net\/es\/contacto\/\",\"url\":\"https:\/\/hcsys.net\/es\/contacto\/\",\"name\":\"Contacto - HC Systems (Espa\u00f1ol)\",\"isPartOf\":{\"@id\":\"https:\/\/hcsys.net\/es\/#website\"},\"primaryImageOfPage\":{\"@id\":\"https:\/\/hcsys.net\/es\/contacto\/#primaryimage\"},\"image\":{\"@id\":\"https:\/\/hcsys.net\/es\/contacto\/#primaryimage\"},\"thumbnailUrl\":\"https:\/\/hcsys.net\/es\/wp-content\/uploads\/sites\/5\/2024\/03\/undraw_contact_us_re_4qqt.svg\",\"datePublished\":\"2024-02-29T01:07:18+00:00\",\"dateModified\":\"2026-01-25T20:09:15+00:00\",\"breadcrumb\":{\"@id\":\"https:\/\/hcsys.net\/es\/contacto\/#breadcrumb\"},\"inLanguage\":\"es\",\"potentialAction\":[{\"@type\":\"ReadAction\",\"target\":[\"https:\/\/hcsys.net\/es\/contacto\/\"]}]},{\"@type\":\"ImageObject\",\"inLanguage\":\"es\",\"@id\":\"https:\/\/hcsys.net\/es\/contacto\/#primaryimage\",\"url\":\"https:\/\/hcsys.net\/es\/wp-content\/uploads\/sites\/5\/2024\/03\/undraw_contact_us_re_4qqt.svg\",\"contentUrl\":\"https:\/\/hcsys.net\/es\/wp-content\/uploads\/sites\/5\/2024\/03\/undraw_contact_us_re_4qqt.svg\"},{\"@type\":\"BreadcrumbList\",\"@id\":\"https:\/\/hcsys.net\/es\/contacto\/#breadcrumb\",\"itemListElement\":[{\"@type\":\"ListItem\",\"position\":1,\"name\":\"Home\",\"item\":\"https:\/\/hcsys.net\/es\/\"},{\"@type\":\"ListItem\",\"position\":2,\"name\":\"Contacto\"}]},{\"@type\":\"WebSite\",\"@id\":\"https:\/\/hcsys.net\/es\/#website\",\"url\":\"https:\/\/hcsys.net\/es\/\",\"name\":\"HC Systems (Espa\u00f1ol)\",\"description\":\"\",\"publisher\":{\"@id\":\"https:\/\/hcsys.net\/es\/#organization\"},\"potentialAction\":[{\"@type\":\"SearchAction\",\"target\":{\"@type\":\"EntryPoint\",\"urlTemplate\":\"https:\/\/hcsys.net\/es\/?s={search_term_string}\"},\"query-input\":{\"@type\":\"PropertyValueSpecification\",\"valueRequired\":true,\"valueName\":\"search_term_string\"}}],\"inLanguage\":\"es\"},{\"@type\":\"Organization\",\"@id\":\"https:\/\/hcsys.net\/es\/#organization\",\"name\":\"HC Systems (Espa\u00f1ol)\",\"url\":\"https:\/\/hcsys.net\/es\/\",\"logo\":{\"@type\":\"ImageObject\",\"inLanguage\":\"es\",\"@id\":\"https:\/\/hcsys.net\/es\/#\/schema\/logo\/image\/\",\"url\":\"https:\/\/hcsys.net\/es\/wp-content\/uploads\/sites\/5\/2026\/01\/cropped-hc-sys-logo-circular-scaled-1.png\",\"contentUrl\":\"https:\/\/hcsys.net\/es\/wp-content\/uploads\/sites\/5\/2026\/01\/cropped-hc-sys-logo-circular-scaled-1.png\",\"width\":2560,\"height\":2560,\"caption\":\"HC Systems (Espa\u00f1ol)\"},\"image\":{\"@id\":\"https:\/\/hcsys.net\/es\/#\/schema\/logo\/image\/\"}}]}<\/script>\n<!-- \/ Yoast SEO plugin. -->","yoast_head_json":{"title":"Contacto - HC Systems (Espa\u00f1ol)","robots":{"index":"index","follow":"follow","max-snippet":"max-snippet:-1","max-image-preview":"max-image-preview:large","max-video-preview":"max-video-preview:-1"},"canonical":"https:\/\/hcsys.net\/es\/contacto\/","og_locale":"es_ES","og_type":"article","og_title":"Contacto - HC Systems (Espa\u00f1ol)","og_description":"P\u00f3ngase en contacto \u00a1Es muy f\u00e1cil contactarnos! \u00bfTiene alguna pregunta? Env\u00edenos un mensaje Cont\u00e1ctenos para conocer c\u00f3mo nuestras soluciones pueden aportar valor a sus proyectos. Ya sea que necesite m\u00e1s informaci\u00f3n, una propuesta a medida o asesor\u00eda experta, nuestro equipo est\u00e1 listo para apoyarle. Escr\u00edbanos y le responderemos a la brevedad posible.","og_url":"https:\/\/hcsys.net\/es\/contacto\/","og_site_name":"HC Systems (Espa\u00f1ol)","article_modified_time":"2026-01-25T20:09:15+00:00","twitter_card":"summary_large_image","twitter_misc":{"Tiempo de lectura":"1 minuto"},"schema":{"@context":"https:\/\/schema.org","@graph":[{"@type":"WebPage","@id":"https:\/\/hcsys.net\/es\/contacto\/","url":"https:\/\/hcsys.net\/es\/contacto\/","name":"Contacto - HC Systems (Espa\u00f1ol)","isPartOf":{"@id":"https:\/\/hcsys.net\/es\/#website"},"primaryImageOfPage":{"@id":"https:\/\/hcsys.net\/es\/contacto\/#primaryimage"},"image":{"@id":"https:\/\/hcsys.net\/es\/contacto\/#primaryimage"},"thumbnailUrl":"https:\/\/hcsys.net\/es\/wp-content\/uploads\/sites\/5\/2024\/03\/undraw_contact_us_re_4qqt.svg","datePublished":"2024-02-29T01:07:18+00:00","dateModified":"2026-01-25T20:09:15+00:00","breadcrumb":{"@id":"https:\/\/hcsys.net\/es\/contacto\/#breadcrumb"},"inLanguage":"es","potentialAction":[{"@type":"ReadAction","target":["https:\/\/hcsys.net\/es\/contacto\/"]}]},{"@type":"ImageObject","inLanguage":"es","@id":"https:\/\/hcsys.net\/es\/contacto\/#primaryimage","url":"https:\/\/hcsys.net\/es\/wp-content\/uploads\/sites\/5\/2024\/03\/undraw_contact_us_re_4qqt.svg","contentUrl":"https:\/\/hcsys.net\/es\/wp-content\/uploads\/sites\/5\/2024\/03\/undraw_contact_us_re_4qqt.svg"},{"@type":"BreadcrumbList","@id":"https:\/\/hcsys.net\/es\/contacto\/#breadcrumb","itemListElement":[{"@type":"ListItem","position":1,"name":"Home","item":"https:\/\/hcsys.net\/es\/"},{"@type":"ListItem","position":2,"name":"Contacto"}]},{"@type":"WebSite","@id":"https:\/\/hcsys.net\/es\/#website","url":"https:\/\/hcsys.net\/es\/","name":"HC Systems (Espa\u00f1ol)","description":"","publisher":{"@id":"https:\/\/hcsys.net\/es\/#organization"},"potentialAction":[{"@type":"SearchAction","target":{"@type":"EntryPoint","urlTemplate":"https:\/\/hcsys.net\/es\/?s={search_term_string}"},"query-input":{"@type":"PropertyValueSpecification","valueRequired":true,"valueName":"search_term_string"}}],"inLanguage":"es"},{"@type":"Organization","@id":"https:\/\/hcsys.net\/es\/#organization","name":"HC Systems (Espa\u00f1ol)","url":"https:\/\/hcsys.net\/es\/","logo":{"@type":"ImageObject","inLanguage":"es","@id":"https:\/\/hcsys.net\/es\/#\/schema\/logo\/image\/","url":"https:\/\/hcsys.net\/es\/wp-content\/uploads\/sites\/5\/2026\/01\/cropped-hc-sys-logo-circular-scaled-1.png","contentUrl":"https:\/\/hcsys.net\/es\/wp-content\/uploads\/sites\/5\/2026\/01\/cropped-hc-sys-logo-circular-scaled-1.png","width":2560,"height":2560,"caption":"HC Systems (Espa\u00f1ol)"},"image":{"@id":"https:\/\/hcsys.net\/es\/#\/schema\/logo\/image\/"}}]}},"_links":{"self":[{"href":"https:\/\/hcsys.net\/es\/wp-json\/wp\/v2\/pages\/734","targetHints":{"allow":["GET"]}}],"collection":[{"href":"https:\/\/hcsys.net\/es\/wp-json\/wp\/v2\/pages"}],"about":[{"href":"https:\/\/hcsys.net\/es\/wp-json\/wp\/v2\/types\/page"}],"author":[{"embeddable":true,"href":"https:\/\/hcsys.net\/es\/wp-json\/wp\/v2\/users\/1"}],"replies":[{"embeddable":true,"href":"https:\/\/hcsys.net\/es\/wp-json\/wp\/v2\/comments?post=734"}],"version-history":[{"count":2,"href":"https:\/\/hcsys.net\/es\/wp-json\/wp\/v2\/pages\/734\/revisions"}],"predecessor-version":[{"id":1074,"href":"https:\/\/hcsys.net\/es\/wp-json\/wp\/v2\/pages\/734\/revisions\/1074"}],"wp:featuredmedia":[{"embeddable":true,"href":"https:\/\/hcsys.net\/es\/wp-json\/wp\/v2\/media\/950"}],"wp:attachment":[{"href":"https:\/\/hcsys.net\/es\/wp-json\/wp\/v2\/media?parent=734"}],"curies":[{"name":"wp","href":"https:\/\/api.w.org\/{rel}","templated":true}]}}