{"id":541,"date":"2024-02-28T22:04:11","date_gmt":"2024-02-28T22:04:11","guid":{"rendered":"https:\/\/gpsites.co\/engineer\/?page_id=541"},"modified":"2026-01-25T20:31:06","modified_gmt":"2026-01-25T20:31:06","slug":"sobre-nosotros","status":"publish","type":"page","link":"https:\/\/hcsys.net\/es\/sobre-nosotros\/","title":{"rendered":"Sobre Nosotros"},"content":{"rendered":"<div class=\"gb-container gb-container-fba1c169\">\n<div class=\"gb-container gb-container-57a34db9\">\n<div class=\"gb-container gb-container-8e519747\">\n\n<figure class=\"gb-block-image gb-block-image-3f6e8f1d\"><img loading=\"lazy\" decoding=\"async\" width=\"2560\" height=\"2560\" class=\"gb-image gb-image-3f6e8f1d\" src=\"https:\/\/hcsys.net\/es\/wp-content\/uploads\/sites\/5\/2026\/01\/hc-sys-logo-circular-scaled.png\" alt=\"\" title=\"hc-sys-logo-circular\" srcset=\"https:\/\/hcsys.net\/es\/wp-content\/uploads\/sites\/5\/2026\/01\/hc-sys-logo-circular-scaled.png 2560w, https:\/\/hcsys.net\/es\/wp-content\/uploads\/sites\/5\/2026\/01\/hc-sys-logo-circular-300x300.png 300w, https:\/\/hcsys.net\/es\/wp-content\/uploads\/sites\/5\/2026\/01\/hc-sys-logo-circular-1024x1024.png 1024w, https:\/\/hcsys.net\/es\/wp-content\/uploads\/sites\/5\/2026\/01\/hc-sys-logo-circular-150x150.png 150w, https:\/\/hcsys.net\/es\/wp-content\/uploads\/sites\/5\/2026\/01\/hc-sys-logo-circular-768x768.png 768w, https:\/\/hcsys.net\/es\/wp-content\/uploads\/sites\/5\/2026\/01\/hc-sys-logo-circular-1536x1536.png 1536w, https:\/\/hcsys.net\/es\/wp-content\/uploads\/sites\/5\/2026\/01\/hc-sys-logo-circular-2048x2048.png 2048w\" sizes=\"auto, (max-width: 2560px) 100vw, 2560px\" \/><\/figure>\n\n\n\n<h2 class=\"gb-headline gb-headline-e8f784a4 gb-headline-text\">M\u00e1s de 20 a\u00f1os de experiencia en la industria<\/h2>\n\n<\/div>\n\n<div class=\"gb-container gb-container-1b2c2025\">\n<div class=\"gb-container gb-container-539b190b\">\n\n<p><strong>HC SYSTEMS<\/strong> es la divisi\u00f3n enfocada en tecnolog\u00eda de <strong>HC GRUPO<\/strong>, un grupo empresarial con m\u00e1s de 20 a\u00f1os de experiencia representando marcas de primer nivel en los sectores mar\u00edtimo e industrial. A lo largo de estas dos d\u00e9cadas, HC GRUPO ha apoyado a astilleros, empresas de ingenier\u00eda y operadores de buques en proyectos complejos, entregando soluciones t\u00e9cnicas confiables con valor a largo plazo.<\/p>\n\n\n\n<p>Partiendo de esta s\u00f3lida trayectoria, HC SYSTEMS fue creada para proporcionar soluciones de software especializadas para la construcci\u00f3n naval y la ingenier\u00eda industrial, combinando el profundo conocimiento del mercado de HC GRUPO con herramientas digitales avanzadas. A trav\u00e9s de una colaboraci\u00f3n estrat\u00e9gica con Timetec Co., Ltd., HC SYSTEMS representa a <strong>TTM<\/strong>, una plataforma de software que consideramos un referente y l\u00edder en el mercado para el dise\u00f1o CAD 3D en construcci\u00f3n naval e ingenier\u00eda de plantas.<\/p>\n\n\n\n<p><strong>TTM<\/strong> es un sistema <strong>CAD 3D<\/strong> de desarrollo coreano que admite m\u00faltiples entornos de dise\u00f1o, incluyendo el dise\u00f1o naval, el dise\u00f1o de plantas en alta mar (<em>offshore<\/em>), dise\u00f1o de plantas en tierra y proyectos de modernizaci\u00f3n (<em>retrofit<\/em>) utilizando datos de nubes de puntos generados por escaneo l\u00e1ser. Su arquitectura est\u00e1 dise\u00f1ada para mejorar la productividad, la precisi\u00f3n y la colaboraci\u00f3n en todas las etapas de un proyecto.<\/p>\n\n\n\n<p>Las caracter\u00edsticas clave de TTM incluyen un alto rendimiento gracias a las \u00faltimas tecnolog\u00edas de Windows y gr\u00e1ficos, una experiencia de usuario eficiente e intuitiva y un sistema de modelado 3D basado en relaciones que proporciona una s\u00f3lida diferenciaci\u00f3n competitiva. El software se puede implementar de inmediato sin necesidad de programas internos de generaci\u00f3n de ISO, gracias a la integraci\u00f3n de PCS-GEN, e incluye todos los est\u00e1ndares pertinentes requeridos para el dise\u00f1o de buques y plantas.<\/p>\n\n\n\n<p>Como complemento de TTM, <strong>PCS-GEN<\/strong> proporciona automatizaci\u00f3n de dibujo y modelado para la producci\u00f3n de tuber\u00edas, soportes de tuber\u00edas, unidades de asiento, sistemas de ventilaci\u00f3n, enrutamiento de cables, habilitaci\u00f3n, aislamiento y otros componentes cr\u00edticos de buques y plantas. Adem\u00e1s, <strong>MINI PLM<\/strong>, una plataforma basada en web y m\u00f3vil vinculada a TTM, permite la gesti\u00f3n y publicaci\u00f3n eficaz de la informaci\u00f3n de dise\u00f1o, paquetes de trabajo y una comunicaci\u00f3n estructurada entre los equipos de dise\u00f1o y producci\u00f3n.<\/p>\n\n\n\n<p>A trav\u00e9s de HC SYSTEMS, HC GRUPO refuerza su compromiso con la innovaci\u00f3n, la eficiencia y las asociaciones a largo plazo, ofreciendo soluciones de software avanzadas que respaldan los proyectos industriales y de construcci\u00f3n naval modernos desde el concepto hasta la producci\u00f3n.<\/p>\n\n<\/div>\n<\/div>\n<\/div>\n<\/div>","protected":false},"excerpt":{"rendered":"<p>M\u00e1s de 20 a\u00f1os de experiencia en la industria HC SYSTEMS es la divisi\u00f3n enfocada en tecnolog\u00eda de HC GRUPO, un grupo empresarial con m\u00e1s de 20 a\u00f1os de experiencia representando marcas de primer nivel en los sectores mar\u00edtimo e industrial. A lo largo de estas dos d\u00e9cadas, HC GRUPO ha apoyado a astilleros, empresas &#8230; <a title=\"Sobre Nosotros\" class=\"read-more\" href=\"https:\/\/hcsys.net\/es\/sobre-nosotros\/\" aria-label=\"Leer m\u00e1s sobre Sobre Nosotros\">Leer m\u00e1s<\/a><\/p>\n","protected":false},"author":1,"featured_media":0,"parent":0,"menu_order":0,"comment_status":"closed","ping_status":"closed","template":"","meta":{"footnotes":""},"class_list":["post-541","page","type-page","status-publish"],"yoast_head":"<!-- This site is optimized with the Yoast SEO plugin v26.8 - https:\/\/yoast.com\/product\/yoast-seo-wordpress\/ -->\n<title>Sobre Nosotros - HC Systems (Espa\u00f1ol)<\/title>\n<meta name=\"robots\" content=\"index, follow, max-snippet:-1, max-image-preview:large, max-video-preview:-1\" \/>\n<link rel=\"canonical\" href=\"https:\/\/hcsys.net\/es\/sobre-nosotros\/\" \/>\n<meta property=\"og:locale\" content=\"es_ES\" \/>\n<meta property=\"og:type\" content=\"article\" \/>\n<meta property=\"og:title\" content=\"Sobre Nosotros - HC Systems (Espa\u00f1ol)\" \/>\n<meta property=\"og:description\" content=\"M\u00e1s de 20 a\u00f1os de experiencia en la industria HC SYSTEMS es la divisi\u00f3n enfocada en tecnolog\u00eda de HC GRUPO, un grupo empresarial con m\u00e1s de 20 a\u00f1os de experiencia representando marcas de primer nivel en los sectores mar\u00edtimo e industrial. A lo largo de estas dos d\u00e9cadas, HC GRUPO ha apoyado a astilleros, empresas ... Leer m\u00e1s\" \/>\n<meta property=\"og:url\" content=\"https:\/\/hcsys.net\/es\/sobre-nosotros\/\" \/>\n<meta property=\"og:site_name\" content=\"HC Systems (Espa\u00f1ol)\" \/>\n<meta property=\"article:modified_time\" content=\"2026-01-25T20:31:06+00:00\" \/>\n<meta property=\"og:image\" content=\"https:\/\/hcsys.net\/es\/wp-content\/uploads\/sites\/5\/2026\/01\/hc-sys-logo-circular-scaled.png\" \/>\n<meta name=\"twitter:card\" content=\"summary_large_image\" \/>\n<meta name=\"twitter:label1\" content=\"Tiempo de lectura\" \/>\n\t<meta name=\"twitter:data1\" content=\"3 minutos\" \/>\n<script type=\"application\/ld+json\" class=\"yoast-schema-graph\">{\"@context\":\"https:\/\/schema.org\",\"@graph\":[{\"@type\":\"WebPage\",\"@id\":\"https:\/\/hcsys.net\/es\/sobre-nosotros\/\",\"url\":\"https:\/\/hcsys.net\/es\/sobre-nosotros\/\",\"name\":\"Sobre Nosotros - HC Systems (Espa\u00f1ol)\",\"isPartOf\":{\"@id\":\"https:\/\/hcsys.net\/es\/#website\"},\"primaryImageOfPage\":{\"@id\":\"https:\/\/hcsys.net\/es\/sobre-nosotros\/#primaryimage\"},\"image\":{\"@id\":\"https:\/\/hcsys.net\/es\/sobre-nosotros\/#primaryimage\"},\"thumbnailUrl\":\"https:\/\/hcsys.net\/es\/wp-content\/uploads\/sites\/5\/2026\/01\/hc-sys-logo-circular-scaled.png\",\"datePublished\":\"2024-02-28T22:04:11+00:00\",\"dateModified\":\"2026-01-25T20:31:06+00:00\",\"breadcrumb\":{\"@id\":\"https:\/\/hcsys.net\/es\/sobre-nosotros\/#breadcrumb\"},\"inLanguage\":\"es\",\"potentialAction\":[{\"@type\":\"ReadAction\",\"target\":[\"https:\/\/hcsys.net\/es\/sobre-nosotros\/\"]}]},{\"@type\":\"ImageObject\",\"inLanguage\":\"es\",\"@id\":\"https:\/\/hcsys.net\/es\/sobre-nosotros\/#primaryimage\",\"url\":\"https:\/\/hcsys.net\/es\/wp-content\/uploads\/sites\/5\/2026\/01\/hc-sys-logo-circular-scaled.png\",\"contentUrl\":\"https:\/\/hcsys.net\/es\/wp-content\/uploads\/sites\/5\/2026\/01\/hc-sys-logo-circular-scaled.png\",\"width\":2560,\"height\":2560},{\"@type\":\"BreadcrumbList\",\"@id\":\"https:\/\/hcsys.net\/es\/sobre-nosotros\/#breadcrumb\",\"itemListElement\":[{\"@type\":\"ListItem\",\"position\":1,\"name\":\"Home\",\"item\":\"https:\/\/hcsys.net\/es\/\"},{\"@type\":\"ListItem\",\"position\":2,\"name\":\"Sobre Nosotros\"}]},{\"@type\":\"WebSite\",\"@id\":\"https:\/\/hcsys.net\/es\/#website\",\"url\":\"https:\/\/hcsys.net\/es\/\",\"name\":\"HC Systems (Espa\u00f1ol)\",\"description\":\"\",\"publisher\":{\"@id\":\"https:\/\/hcsys.net\/es\/#organization\"},\"potentialAction\":[{\"@type\":\"SearchAction\",\"target\":{\"@type\":\"EntryPoint\",\"urlTemplate\":\"https:\/\/hcsys.net\/es\/?s={search_term_string}\"},\"query-input\":{\"@type\":\"PropertyValueSpecification\",\"valueRequired\":true,\"valueName\":\"search_term_string\"}}],\"inLanguage\":\"es\"},{\"@type\":\"Organization\",\"@id\":\"https:\/\/hcsys.net\/es\/#organization\",\"name\":\"HC Systems (Espa\u00f1ol)\",\"url\":\"https:\/\/hcsys.net\/es\/\",\"logo\":{\"@type\":\"ImageObject\",\"inLanguage\":\"es\",\"@id\":\"https:\/\/hcsys.net\/es\/#\/schema\/logo\/image\/\",\"url\":\"https:\/\/hcsys.net\/es\/wp-content\/uploads\/sites\/5\/2026\/01\/cropped-hc-sys-logo-circular-scaled-1.png\",\"contentUrl\":\"https:\/\/hcsys.net\/es\/wp-content\/uploads\/sites\/5\/2026\/01\/cropped-hc-sys-logo-circular-scaled-1.png\",\"width\":2560,\"height\":2560,\"caption\":\"HC Systems (Espa\u00f1ol)\"},\"image\":{\"@id\":\"https:\/\/hcsys.net\/es\/#\/schema\/logo\/image\/\"}}]}<\/script>\n<!-- \/ Yoast SEO plugin. -->","yoast_head_json":{"title":"Sobre Nosotros - HC Systems (Espa\u00f1ol)","robots":{"index":"index","follow":"follow","max-snippet":"max-snippet:-1","max-image-preview":"max-image-preview:large","max-video-preview":"max-video-preview:-1"},"canonical":"https:\/\/hcsys.net\/es\/sobre-nosotros\/","og_locale":"es_ES","og_type":"article","og_title":"Sobre Nosotros - HC Systems (Espa\u00f1ol)","og_description":"M\u00e1s de 20 a\u00f1os de experiencia en la industria HC SYSTEMS es la divisi\u00f3n enfocada en tecnolog\u00eda de HC GRUPO, un grupo empresarial con m\u00e1s de 20 a\u00f1os de experiencia representando marcas de primer nivel en los sectores mar\u00edtimo e industrial. A lo largo de estas dos d\u00e9cadas, HC GRUPO ha apoyado a astilleros, empresas ... Leer m\u00e1s","og_url":"https:\/\/hcsys.net\/es\/sobre-nosotros\/","og_site_name":"HC Systems (Espa\u00f1ol)","article_modified_time":"2026-01-25T20:31:06+00:00","og_image":[{"url":"https:\/\/hcsys.net\/es\/wp-content\/uploads\/sites\/5\/2026\/01\/hc-sys-logo-circular-scaled.png","type":"","width":"","height":""}],"twitter_card":"summary_large_image","twitter_misc":{"Tiempo de lectura":"3 minutos"},"schema":{"@context":"https:\/\/schema.org","@graph":[{"@type":"WebPage","@id":"https:\/\/hcsys.net\/es\/sobre-nosotros\/","url":"https:\/\/hcsys.net\/es\/sobre-nosotros\/","name":"Sobre Nosotros - HC Systems (Espa\u00f1ol)","isPartOf":{"@id":"https:\/\/hcsys.net\/es\/#website"},"primaryImageOfPage":{"@id":"https:\/\/hcsys.net\/es\/sobre-nosotros\/#primaryimage"},"image":{"@id":"https:\/\/hcsys.net\/es\/sobre-nosotros\/#primaryimage"},"thumbnailUrl":"https:\/\/hcsys.net\/es\/wp-content\/uploads\/sites\/5\/2026\/01\/hc-sys-logo-circular-scaled.png","datePublished":"2024-02-28T22:04:11+00:00","dateModified":"2026-01-25T20:31:06+00:00","breadcrumb":{"@id":"https:\/\/hcsys.net\/es\/sobre-nosotros\/#breadcrumb"},"inLanguage":"es","potentialAction":[{"@type":"ReadAction","target":["https:\/\/hcsys.net\/es\/sobre-nosotros\/"]}]},{"@type":"ImageObject","inLanguage":"es","@id":"https:\/\/hcsys.net\/es\/sobre-nosotros\/#primaryimage","url":"https:\/\/hcsys.net\/es\/wp-content\/uploads\/sites\/5\/2026\/01\/hc-sys-logo-circular-scaled.png","contentUrl":"https:\/\/hcsys.net\/es\/wp-content\/uploads\/sites\/5\/2026\/01\/hc-sys-logo-circular-scaled.png","width":2560,"height":2560},{"@type":"BreadcrumbList","@id":"https:\/\/hcsys.net\/es\/sobre-nosotros\/#breadcrumb","itemListElement":[{"@type":"ListItem","position":1,"name":"Home","item":"https:\/\/hcsys.net\/es\/"},{"@type":"ListItem","position":2,"name":"Sobre Nosotros"}]},{"@type":"WebSite","@id":"https:\/\/hcsys.net\/es\/#website","url":"https:\/\/hcsys.net\/es\/","name":"HC Systems (Espa\u00f1ol)","description":"","publisher":{"@id":"https:\/\/hcsys.net\/es\/#organization"},"potentialAction":[{"@type":"SearchAction","target":{"@type":"EntryPoint","urlTemplate":"https:\/\/hcsys.net\/es\/?s={search_term_string}"},"query-input":{"@type":"PropertyValueSpecification","valueRequired":true,"valueName":"search_term_string"}}],"inLanguage":"es"},{"@type":"Organization","@id":"https:\/\/hcsys.net\/es\/#organization","name":"HC Systems (Espa\u00f1ol)","url":"https:\/\/hcsys.net\/es\/","logo":{"@type":"ImageObject","inLanguage":"es","@id":"https:\/\/hcsys.net\/es\/#\/schema\/logo\/image\/","url":"https:\/\/hcsys.net\/es\/wp-content\/uploads\/sites\/5\/2026\/01\/cropped-hc-sys-logo-circular-scaled-1.png","contentUrl":"https:\/\/hcsys.net\/es\/wp-content\/uploads\/sites\/5\/2026\/01\/cropped-hc-sys-logo-circular-scaled-1.png","width":2560,"height":2560,"caption":"HC Systems (Espa\u00f1ol)"},"image":{"@id":"https:\/\/hcsys.net\/es\/#\/schema\/logo\/image\/"}}]}},"_links":{"self":[{"href":"https:\/\/hcsys.net\/es\/wp-json\/wp\/v2\/pages\/541","targetHints":{"allow":["GET"]}}],"collection":[{"href":"https:\/\/hcsys.net\/es\/wp-json\/wp\/v2\/pages"}],"about":[{"href":"https:\/\/hcsys.net\/es\/wp-json\/wp\/v2\/types\/page"}],"author":[{"embeddable":true,"href":"https:\/\/hcsys.net\/es\/wp-json\/wp\/v2\/users\/1"}],"replies":[{"embeddable":true,"href":"https:\/\/hcsys.net\/es\/wp-json\/wp\/v2\/comments?post=541"}],"version-history":[{"count":8,"href":"https:\/\/hcsys.net\/es\/wp-json\/wp\/v2\/pages\/541\/revisions"}],"predecessor-version":[{"id":1088,"href":"https:\/\/hcsys.net\/es\/wp-json\/wp\/v2\/pages\/541\/revisions\/1088"}],"wp:attachment":[{"href":"https:\/\/hcsys.net\/es\/wp-json\/wp\/v2\/media?parent=541"}],"curies":[{"name":"wp","href":"https:\/\/api.w.org\/{rel}","templated":true}]}}